{"id":1345,"date":"2020-01-13T15:40:17","date_gmt":"2020-01-13T12:40:17","guid":{"rendered":"http:\/\/www.biska.com.tr\/?page_id=1345"},"modified":"2024-10-11T11:18:15","modified_gmt":"2024-10-11T08:18:15","slug":"kalite","status":"publish","type":"page","link":"https:\/\/www.biska.com.tr\/en\/kalite\/","title":{"rendered":"Quality"},"content":{"rendered":"<p>[vc_row full_width=&#8221;stretch_row&#8221; css=&#8221;.vc_custom_1578914675468{background-image: url(http:\/\/www.biska.com.tr\/wp-content\/uploads\/2020\/01\/bg-2.jpg?id=1275) !important;background-position: 0 0 !important;background-repeat: no-repeat !important;}&#8221;][vc_column][vc_empty_space height=&#8221;6.6em&#8221; alter_height=&#8221;none&#8221; hide_on_mobile=&#8221;&#8221;]<div  id=\"sc_promo_2064600486\" \n\tclass=\"sc_promo sc_promo_default sc_promo_size_small sc_promo_image_position_right\"><div class=\"sc_promo_image\" style=\"background-image:url(https:\/\/www.biska.com.tr\/wp-content\/uploads\/2020\/01\/kalite.png);width:50%;right: 0;\"><\/div><div class=\"sc_promo_text\" style=\"width: 50%;float: left;\">\n\t\t\t<div class=\"sc_promo_text_inner\" style=\"\"><h6 class=\"sc_item_subtitle sc_promo_subtitle sc_align_default sc_item_title_style_default\">B\u0130SKA Tekstil Sanayi A.\u015e.<\/h6><h2 class=\"sc_item_title sc_promo_title sc_align_default sc_item_title_style_default\">Quality Policy<\/h2><div class=\"sc_item_descr sc_promo_descr sc_align_default\"><p><strong>Our aim as Biska Textile is base total quality management in all our process and its beyond the customer expectation. Biska\u2019s aim is adopt our best product as <span style=\"color: #ef7f1a;\"> \u201cquality\u201d.<\/span> Our management culture is not control quality, but it is producing quality. \u0130\u015fletme k\u00fclt\u00fcr\u00fcm\u00fcz Kaliteyi kontrol etmek de\u011fil, \u00fcretmektir.<\/strong><\/p>\n\n<strong>Under the this Understanding and Vision;<\/strong><br>\n\nBelieving that quality is \u201ccompliance with customer wishes and needs\u201d, it provides that customer demands are met in the most appropriate and short time.<br><br>\n\nOur company implements the process-based quality management system to increase customer satisfaction, reviews the effectiveness of the system and provides the resources required for continuous improvement.<br><br>\n\nIt provides the necessary opportunities for the continuous improvement of quality and the production of the final product and service in accordance with the definition of quality, to ensure that all personnel continue their training activities and participate in quality teamwork.\n<br><br>\nIt acts with the awareness of its responsibility to the environment and society while carry out activities.\n<br>It plans and implements all necessary activities to fulfill customer conditions and legal requirements. <br>\nQuality management at <strong>Biska Tekstil is the responsibility of all employees under the leadership of top management and Our employees act with this sense of responsibility.<\/strong><\/div><\/div>\n\t\t<\/div><!-- \/.sc_promo_text --><\/div><!-- \/.sc_promo -->[\/vc_column][\/vc_row][vc_row full_width=&#8221;stretch_row_content&#8221; css=&#8221;.vc_custom_1578919168814{background-image: url(http:\/\/www.biska.com.tr\/wp-content\/uploads\/2019\/12\/background-1-scaled.jpg?id=1215) !important;background-position: 0 0 !important;background-repeat: no-repeat !important;}&#8221;][vc_column][vc_empty_space height=&#8221;6.6em&#8221; alter_height=&#8221;none&#8221; hide_on_mobile=&#8221;&#8221;][vc_custom_heading text=&#8221;Certification&#8221; font_container=&#8221;tag:h2|text_align:center|color:%23ffffff&#8221; use_theme_fonts=&#8221;yes&#8221;][vc_images_carousel images=&#8221;1627,1626,1625,1624,1623,1622,1621,1620&#8243; img_size=&#8221;full&#8221; slides_per_view=&#8221;8&#8243; hide_pagination_control=&#8221;yes&#8221; hide_prev_next_buttons=&#8221;yes&#8221;][vc_empty_space height=&#8221;8.4em&#8221; alter_height=&#8221;none&#8221; hide_on_mobile=&#8221;&#8221;][\/vc_column][\/vc_row]<\/p>","protected":false},"excerpt":{"rendered":"<p>[vc_row full_width=&#8221;stretch_row&#8221; css=&#8221;.vc_custom_1578914675468{background-image: url(http:\/\/www.biska.com.tr\/wp-content\/uploads\/2020\/01\/bg-2.jpg?id=1275) !important;background-position: 0 0 !important;background-repeat: no-repeat !important;}&#8221;][vc_column][vc_empty_space height=&#8221;6.6em&#8221; alter_height=&#8221;none&#8221; hide_on_mobile=&#8221;&#8221;][\/vc_column][\/vc_row][vc_row full_width=&#8221;stretch_row_content&#8221; css=&#8221;.vc_custom_1578919168814{background-image: url(http:\/\/www.biska.com.tr\/wp-content\/uploads\/2019\/12\/background-1-scaled.jpg?id=1215) !important;background-position: 0 0 !important;background-repeat: no-repeat !important;}&#8221;][vc_column][vc_empty_space height=&#8221;6.6em&#8221; alter_height=&#8221;none&#8221; hide_on_mobile=&#8221;&#8221;][vc_custom_heading text=&#8221;Certification&#8221; font_container=&#8221;tag:h2|text_align:center|color:%23ffffff&#8221; use_theme_fonts=&#8221;yes&#8221;][vc_images_carousel images=&#8221;1627,1626,1625,1624,1623,1622,1621,1620&#8243; img_size=&#8221;full&#8221; slides_per_view=&#8221;8&#8243; hide_pagination_control=&#8221;yes&#8221; hide_prev_next_buttons=&#8221;yes&#8221;][vc_empty_space height=&#8221;8.4em&#8221; alter_height=&#8221;none&#8221; hide_on_mobile=&#8221;&#8221;][\/vc_column][\/vc_row]<\/p>\n","protected":false},"author":1,"featured_media":1253,"parent":0,"menu_order":0,"comment_status":"closed","ping_status":"closed","template":"","meta":{"ngg_post_thumbnail":0},"_links":{"self":[{"href":"https:\/\/www.biska.com.tr\/en\/wp-json\/wp\/v2\/pages\/1345"}],"collection":[{"href":"https:\/\/www.biska.com.tr\/en\/wp-json\/wp\/v2\/pages"}],"about":[{"href":"https:\/\/www.biska.com.tr\/en\/wp-json\/wp\/v2\/types\/page"}],"author":[{"embeddable":true,"href":"https:\/\/www.biska.com.tr\/en\/wp-json\/wp\/v2\/users\/1"}],"replies":[{"embeddable":true,"href":"https:\/\/www.biska.com.tr\/en\/wp-json\/wp\/v2\/comments?post=1345"}],"version-history":[{"count":19,"href":"https:\/\/www.biska.com.tr\/en\/wp-json\/wp\/v2\/pages\/1345\/revisions"}],"predecessor-version":[{"id":1678,"href":"https:\/\/www.biska.com.tr\/en\/wp-json\/wp\/v2\/pages\/1345\/revisions\/1678"}],"wp:featuredmedia":[{"embeddable":true,"href":"https:\/\/www.biska.com.tr\/en\/wp-json\/wp\/v2\/media\/1253"}],"wp:attachment":[{"href":"https:\/\/www.biska.com.tr\/en\/wp-json\/wp\/v2\/media?parent=1345"}],"curies":[{"name":"wp","href":"https:\/\/api.w.org\/{rel}","templated":true}]}}