{"id":25,"date":"2016-11-03T15:19:49","date_gmt":"2016-11-03T15:19:49","guid":{"rendered":"http:\/\/translogic.dv.themerex.net\/?page_id=25"},"modified":"2026-03-17T16:42:12","modified_gmt":"2026-03-17T13:42:12","slug":"iletisim","status":"publish","type":"page","link":"https:\/\/www.biska.com.tr\/en\/iletisim\/","title":{"rendered":"Contact"},"content":{"rendered":"<p>[vc_row full_width=&#8221;stretch_row&#8221;][vc_column css=&#8221;.vc_custom_1578921058097{padding-top: 30px !important;padding-right: 30px !important;padding-bottom: 30px !important;padding-left: 30px !important;}&#8221;]<div id=\"sc_title_1864954745\"\n\t\tclass=\"sc_title sc_title_default  vc_custom_1620154900127\"><h2 class=\"sc_item_title sc_title_title sc_align_center sc_item_title_style_default\">3. Organized Industrial Factory<\/h2><\/div><!-- \/.sc_title -->[vc_row_inner][vc_column_inner]<div id=\"sc_icons_1481865132\" \n\tclass=\"sc_icons sc_icons_modern sc_icons_size_small sc_align_center\"><div class=\"sc_icons_columns sc_item_columns trx_addons_columns_wrap columns_padding_bottom\"><div class=\"trx_addons_column-1_3\"><div class=\"sc_icons_item\"><div id=\"sc_icons_1481865132_fa fa-phone-square\" class=\"sc_icons_icon sc_icon_type_fontawesome fa fa-phone-square\"\n\t\t\t\t\t\t style=\"color: #686868\"\t\t\t\t\t\t><span class=\"sc_icon_type_fontawesome fa fa-phone-square\" style=\"color: #686868\"><\/span><\/div><h4 class=\"sc_icons_title\"><span>Phone<\/span><\/h4><div class=\"sc_icons_description\"><span>(+90 342) 337 90 09 -10 (Pbx)<\/span><\/div><\/div><\/div><div class=\"trx_addons_column-1_3\"><div class=\"sc_icons_item\"><div id=\"sc_icons_1481865132_icon-map\" class=\"sc_icons_icon sc_icon_type_fontawesome icon-map\"\n\t\t\t\t\t\t style=\"color: #686868\"\t\t\t\t\t\t><span class=\"sc_icon_type_fontawesome icon-map\" style=\"color: #686868\"><\/span><\/div><h4 class=\"sc_icons_title\"><span>Address<\/span><\/h4><div class=\"sc_icons_description\"><span>3. OSB. Kamil \u015eerbet\u00e7i Blv. No:31 Ba\u015fp\u0131nar \/ Gaziantep<\/span><\/div><\/div><\/div><div class=\"trx_addons_column-1_3\"><div class=\"sc_icons_item\"><div id=\"sc_icons_1481865132_fa fa-envelope-open\" class=\"sc_icons_icon sc_icon_type_fontawesome fa fa-envelope-open\"\n\t\t\t\t\t\t style=\"color: #686868\"\t\t\t\t\t\t><span class=\"sc_icon_type_fontawesome fa fa-envelope-open\" style=\"color: #686868\"><\/span><\/div><h4 class=\"sc_icons_title\"><span>eMail<\/span><\/h4><div class=\"sc_icons_description\"><span>info@biska.com.tr<\/span><\/div><\/div><\/div><\/div><\/div><!-- \/.sc_icons -->[vc_gmaps link=&#8221;#E-8_JTNDaWZyYW1lJTIwc3JjJTNEJTIyaHR0cHMlM0ElMkYlMkZ3d3cuZ29vZ2xlLmNvbSUyRm1hcHMlMkZlbWJlZCUzRnBiJTNEJTIxMW0xNCUyMTFtOCUyMTFtMyUyMTFkMjU0MzMuMTMzMzc5OTYzMzI1JTIxMmQzNy4zMjc3MzglMjEzZDM3LjE3MzEwNCUyMTNtMiUyMTFpMTAyNCUyMTJpNzY4JTIxNGYxMy4xJTIxM20zJTIxMW0yJTIxMXMweDAlMjUzQTB4YWVkNWM0Nzg1NzczZTAxZCUyMTJzQmlza2ElMjUyMFRla3N0aWwlMjE1ZTAlMjEzbTIlMjExc3RyJTIxMnN0ciUyMTR2MTU3ODkyMDgwODMyNiUyMTVtMiUyMTFzdHIlMjEyc3RyJTIyJTIwd2lkdGglM0QlMjI2MDAlMjIlMjBoZWlnaHQlM0QlMjI0NTAlMjIlMjBmcmFtZWJvcmRlciUzRCUyMjAlMjIlMjBzdHlsZSUzRCUyMmJvcmRlciUzQTAlM0IlMjIlMjBhbGxvd2Z1bGxzY3JlZW4lM0QlMjIlMjIlM0UlM0MlMkZpZnJhbWUlM0U=&#8221;][\/vc_column_inner][\/vc_row_inner][\/vc_column][\/vc_row][vc_row full_width=&#8221;stretch_row&#8221;][vc_column css=&#8221;.vc_custom_1578921058097{padding-top: 30px !important;padding-right: 30px !important;padding-bottom: 30px !important;padding-left: 30px !important;}&#8221;]<div id=\"sc_title_1190975541\"\n\t\tclass=\"sc_title sc_title_default  vc_custom_1620154909505\"><h2 class=\"sc_item_title sc_title_title sc_align_center sc_item_title_style_default\">5. Organized Industrial Factory<\/h2><\/div><!-- \/.sc_title -->[vc_row_inner][vc_column_inner]<div id=\"sc_icons_129670288\" \n\tclass=\"sc_icons sc_icons_modern sc_icons_size_small sc_align_center\"><div class=\"sc_icons_columns sc_item_columns trx_addons_columns_wrap columns_padding_bottom\"><div class=\"trx_addons_column-1_3\"><div class=\"sc_icons_item\"><div id=\"sc_icons_129670288_fa fa-phone-square\" class=\"sc_icons_icon sc_icon_type_fontawesome fa fa-phone-square\"\n\t\t\t\t\t\t style=\"color: #686868\"\t\t\t\t\t\t><span class=\"sc_icon_type_fontawesome fa fa-phone-square\" style=\"color: #686868\"><\/span><\/div><h4 class=\"sc_icons_title\"><span>Phone<\/span><\/h4><div class=\"sc_icons_description\"><span>(+90 342) 337 90 09 -10 (Pbx)<\/span><\/div><\/div><\/div><div class=\"trx_addons_column-1_3\"><div class=\"sc_icons_item\"><div id=\"sc_icons_129670288_icon-map\" class=\"sc_icons_icon sc_icon_type_fontawesome icon-map\"\n\t\t\t\t\t\t style=\"color: #686868\"\t\t\t\t\t\t><span class=\"sc_icon_type_fontawesome icon-map\" style=\"color: #686868\"><\/span><\/div><h4 class=\"sc_icons_title\"><span>Address<\/span><\/h4><div class=\"sc_icons_description\"><span>5. OSB. 83539 Nolu Cd. No:29  \u015eehitkamil \/ Gaziantep<\/span><\/div><\/div><\/div><div class=\"trx_addons_column-1_3\"><div class=\"sc_icons_item\"><div id=\"sc_icons_129670288_fa fa-envelope-open\" class=\"sc_icons_icon sc_icon_type_fontawesome fa fa-envelope-open\"\n\t\t\t\t\t\t style=\"color: #686868\"\t\t\t\t\t\t><span class=\"sc_icon_type_fontawesome fa fa-envelope-open\" style=\"color: #686868\"><\/span><\/div><h4 class=\"sc_icons_title\"><span>eMail<\/span><\/h4><div class=\"sc_icons_description\"><span>info@biska.com.tr<\/span><\/div><\/div><\/div><\/div><\/div><!-- \/.sc_icons -->[vc_gmaps link=&#8221;#E-8_JTNDaWZyYW1lJTIwc3JjJTNEJTIyaHR0cHMlM0ElMkYlMkZ3d3cuZ29vZ2xlLmNvbSUyRm1hcHMlMkZlbWJlZCUzRnBiJTNEJTIxMW0xOCUyMTFtMTIlMjExbTMlMjExZDMxNzguNTE0MTc3OTIyNDc1NSUyMTJkMzcuMzQ5MTgzMTE1MzAwOTElMjEzZDM3LjE4ODAxNDk3OTg3MDUyJTIxMm0zJTIxMWYwJTIxMmYwJTIxM2YwJTIxM20yJTIxMWkxMDI0JTIxMmk3NjglMjE0ZjEzLjElMjEzbTMlMjExbTIlMjExczB4MTUzMWZjZWY5ZDg1MGNiZiUyNTNBMHhiMDBjN2YyZDRiZDA2ZDY4JTIxMnNCaXNrYSUyNTIwVGVrc3RpbCUyMTVlMCUyMTNtMiUyMTFzdHIlMjEyc3RyJTIxNHYxNTgyMzU0MTIwNDkyJTIxNW0yJTIxMXN0ciUyMTJzdHIlMjIlMjB3aWR0aCUzRCUyMjYwMCUyMiUyMGhlaWdodCUzRCUyMjQ1MCUyMiUyMGZyYW1lYm9yZGVyJTNEJTIyMCUyMiUyMHN0eWxlJTNEJTIyYm9yZGVyJTNBMCUzQiUyMiUyMGFsbG93ZnVsbHNjcmVlbiUzRCUyMiUyMiUzRSUzQyUyRmlmcmFtZSUzRQ==&#8221;][\/vc_column_inner][\/vc_row_inner][\/vc_column][\/vc_row][vc_row][vc_column width=&#8221;1\/6&#8243;][\/vc_column][vc_column width=&#8221;2\/3&#8243;]<div id=\"sc_title_1277513322\"\n\t\tclass=\"sc_title sc_title_default  vc_custom_1620154945463\"><h2 class=\"sc_item_title sc_title_title sc_align_center sc_item_title_style_default\">Contact Form<\/h2><\/div><!-- \/.sc_title -->\n<div class=\"wpcf7 no-js\" id=\"wpcf7-f1163-o2\" lang=\"en-US\" dir=\"ltr\">\n<div class=\"screen-reader-response\"><p role=\"status\" aria-live=\"polite\" aria-atomic=\"true\"><\/p> <ul><\/ul><\/div>\n<form action=\"\/en\/wp-json\/wp\/v2\/pages\/25#wpcf7-f1163-o2\" method=\"post\" class=\"wpcf7-form init\" aria-label=\"Contact form\" novalidate=\"novalidate\" data-status=\"init\">\n<div style=\"display: none;\">\n<input type=\"hidden\" name=\"_wpcf7\" value=\"1163\" \/>\n<input type=\"hidden\" name=\"_wpcf7_version\" value=\"5.7.3\" \/>\n<input type=\"hidden\" name=\"_wpcf7_locale\" value=\"en_US\" \/>\n<input type=\"hidden\" name=\"_wpcf7_unit_tag\" value=\"wpcf7-f1163-o2\" \/>\n<input type=\"hidden\" name=\"_wpcf7_container_post\" value=\"0\" \/>\n<input type=\"hidden\" name=\"_wpcf7_posted_data_hash\" value=\"\" \/>\n<\/div>\n<div class=\"contact_us\">\n\t<div class=\"flex\">\n\t\t<div class='itm row' >\n\t\t\t<p><span class=\"wpcf7-form-control-wrap\" data-name=\"your-name\"><input size=\"40\" class=\"wpcf7-form-control wpcf7-text wpcf7-validates-as-required\" aria-required=\"true\" aria-invalid=\"false\" placeholder=\"Your Name and Surname*\" value=\"\" type=\"text\" name=\"your-name\" \/><\/span>\n\t\t\t<\/p>\n\t\t<\/div>\n\t\t<div class='itm row'>\n\t\t\t<p><span class=\"wpcf7-form-control-wrap\" data-name=\"your-email\"><input size=\"40\" class=\"wpcf7-form-control wpcf7-text wpcf7-validates-as-required\" aria-required=\"true\" aria-invalid=\"false\" placeholder=\"eMail*\" value=\"\" type=\"text\" name=\"your-email\" \/><\/span>\n\t\t\t<\/p>\n\t\t<\/div>\n\t<\/div>\n\t<div class=\"flex\">\n\t\t<div class='itm row' >\n\t\t\t<p><span class=\"wpcf7-form-control-wrap\" data-name=\"your-iletisim\"><input size=\"40\" class=\"wpcf7-form-control wpcf7-text\" aria-invalid=\"false\" placeholder=\"Phone Number\" value=\"\" type=\"text\" name=\"your-iletisim\" \/><\/span>\n\t\t\t<\/p>\n\t\t<\/div>\n\t\t<div class='itm row'>\n\t\t\t<p><span class=\"wpcf7-form-control-wrap\" data-name=\"your-konu\"><input size=\"40\" class=\"wpcf7-form-control wpcf7-text\" aria-invalid=\"false\" placeholder=\"Subject\" value=\"\" type=\"text\" name=\"your-konu\" \/><\/span>\n\t\t\t<\/p>\n\t\t<\/div>\n\t<\/div>\n\t<div class=''>\n\t\t<p><span class=\"wpcf7-form-control-wrap\" data-name=\"your-message\"><textarea cols=\"40\" rows=\"10\" class=\"wpcf7-form-control wpcf7-textarea wpcf7-validates-as-required\" aria-required=\"true\" aria-invalid=\"false\" placeholder=\"Your message*\" name=\"your-message\"><\/textarea><\/span>\n\t\t<\/p>\n\t<\/div>\n\t<div class=''>\n\t\t<p><span class=\"wpcf7-form-control-wrap\" data-name=\"accept-this-1\"><span class=\"wpcf7-form-control wpcf7-acceptance\"><span class=\"wpcf7-list-item\"><label><input type=\"checkbox\" name=\"accept-this-1\" value=\"1\" id=\"onay\" aria-invalid=\"false\" \/><span class=\"wpcf7-list-item-label\"><span class=\"iletisimformu-modal\">I have read the text of illumination within the scope of K.V.K.K and I accept it. (Click For Text)<\/span><\/span><\/label><\/span><\/span><\/span>\n\t\t<\/p>\n\t<\/div>\n\t<div class=\"sc_form_field sc_form_field_button sc_form_field_submit\">\n\t\t<p><input class=\"wpcf7-form-control has-spinner wpcf7-submit\" type=\"submit\" value=\"Send\" \/>\n\t\t<\/p>\n\t<\/div>\n<\/div><input type='hidden' class='wpcf7-pum' value='{\"closepopup\":false,\"closedelay\":0,\"openpopup\":false,\"openpopup_id\":0}' \/><div class=\"wpcf7-response-output\" aria-hidden=\"true\"><\/div>\n<\/form>\n<\/div>\n[\/vc_column][vc_column width=&#8221;1\/6&#8243;][\/vc_column][\/vc_row]<\/p>","protected":false},"excerpt":{"rendered":"<p>[vc_row full_width=&#8221;stretch_row&#8221;][vc_column css=&#8221;.vc_custom_1578921058097{padding-top: 30px !important;padding-right: 30px !important;padding-bottom: 30px !important;padding-left: 30px !important;}&#8221;][vc_row_inner][vc_column_inner][vc_gmaps link=&#8221;#E-8_JTNDaWZyYW1lJTIwc3JjJTNEJTIyaHR0cHMlM0ElMkYlMkZ3d3cuZ29vZ2xlLmNvbSUyRm1hcHMlMkZlbWJlZCUzRnBiJTNEJTIxMW0xNCUyMTFtOCUyMTFtMyUyMTFkMjU0MzMuMTMzMzc5OTYzMzI1JTIxMmQzNy4zMjc3MzglMjEzZDM3LjE3MzEwNCUyMTNtMiUyMTFpMTAyNCUyMTJpNzY4JTIxNGYxMy4xJTIxM20zJTIxMW0yJTIxMXMweDAlMjUzQTB4YWVkNWM0Nzg1NzczZTAxZCUyMTJzQmlza2ElMjUyMFRla3N0aWwlMjE1ZTAlMjEzbTIlMjExc3RyJTIxMnN0ciUyMTR2MTU3ODkyMDgwODMyNiUyMTVtMiUyMTFzdHIlMjEyc3RyJTIyJTIwd2lkdGglM0QlMjI2MDAlMjIlMjBoZWlnaHQlM0QlMjI0NTAlMjIlMjBmcmFtZWJvcmRlciUzRCUyMjAlMjIlMjBzdHlsZSUzRCUyMmJvcmRlciUzQTAlM0IlMjIlMjBhbGxvd2Z1bGxzY3JlZW4lM0QlMjIlMjIlM0UlM0MlMkZpZnJhbWUlM0U=&#8221;][\/vc_column_inner][\/vc_row_inner][\/vc_column][\/vc_row][vc_row full_width=&#8221;stretch_row&#8221;][vc_column css=&#8221;.vc_custom_1578921058097{padding-top: 30px !important;padding-right: 30px !important;padding-bottom: 30px !important;padding-left: 30px !important;}&#8221;][vc_row_inner][vc_column_inner][vc_gmaps link=&#8221;#E-8_JTNDaWZyYW1lJTIwc3JjJTNEJTIyaHR0cHMlM0ElMkYlMkZ3d3cuZ29vZ2xlLmNvbSUyRm1hcHMlMkZlbWJlZCUzRnBiJTNEJTIxMW0xOCUyMTFtMTIlMjExbTMlMjExZDMxNzguNTE0MTc3OTIyNDc1NSUyMTJkMzcuMzQ5MTgzMTE1MzAwOTElMjEzZDM3LjE4ODAxNDk3OTg3MDUyJTIxMm0zJTIxMWYwJTIxMmYwJTIxM2YwJTIxM20yJTIxMWkxMDI0JTIxMmk3NjglMjE0ZjEzLjElMjEzbTMlMjExbTIlMjExczB4MTUzMWZjZWY5ZDg1MGNiZiUyNTNBMHhiMDBjN2YyZDRiZDA2ZDY4JTIxMnNCaXNrYSUyNTIwVGVrc3RpbCUyMTVlMCUyMTNtMiUyMTFzdHIlMjEyc3RyJTIxNHYxNTgyMzU0MTIwNDkyJTIxNW0yJTIxMXN0ciUyMTJzdHIlMjIlMjB3aWR0aCUzRCUyMjYwMCUyMiUyMGhlaWdodCUzRCUyMjQ1MCUyMiUyMGZyYW1lYm9yZGVyJTNEJTIyMCUyMiUyMHN0eWxlJTNEJTIyYm9yZGVyJTNBMCUzQiUyMiUyMGFsbG93ZnVsbHNjcmVlbiUzRCUyMiUyMiUzRSUzQyUyRmlmcmFtZSUzRQ==&#8221;][\/vc_column_inner][\/vc_row_inner][\/vc_column][\/vc_row][vc_row][vc_column width=&#8221;1\/6&#8243;][\/vc_column][vc_column width=&#8221;2\/3&#8243;][\/vc_column][vc_column width=&#8221;1\/6&#8243;][\/vc_column][\/vc_row]<\/p>\n","protected":false},"author":1,"featured_media":1253,"parent":0,"menu_order":0,"comment_status":"closed","ping_status":"closed","template":"","meta":{"ngg_post_thumbnail":0},"_links":{"self":[{"href":"https:\/\/www.biska.com.tr\/en\/wp-json\/wp\/v2\/pages\/25"}],"collection":[{"href":"https:\/\/www.biska.com.tr\/en\/wp-json\/wp\/v2\/pages"}],"about":[{"href":"https:\/\/www.biska.com.tr\/en\/wp-json\/wp\/v2\/types\/page"}],"author":[{"embeddable":true,"href":"https:\/\/www.biska.com.tr\/en\/wp-json\/wp\/v2\/users\/1"}],"replies":[{"embeddable":true,"href":"https:\/\/www.biska.com.tr\/en\/wp-json\/wp\/v2\/comments?post=25"}],"version-history":[{"count":13,"href":"https:\/\/www.biska.com.tr\/en\/wp-json\/wp\/v2\/pages\/25\/revisions"}],"predecessor-version":[{"id":1740,"href":"https:\/\/www.biska.com.tr\/en\/wp-json\/wp\/v2\/pages\/25\/revisions\/1740"}],"wp:featuredmedia":[{"embeddable":true,"href":"https:\/\/www.biska.com.tr\/en\/wp-json\/wp\/v2\/media\/1253"}],"wp:attachment":[{"href":"https:\/\/www.biska.com.tr\/en\/wp-json\/wp\/v2\/media?parent=25"}],"curies":[{"name":"wp","href":"https:\/\/api.w.org\/{rel}","templated":true}]}}